{"id":239867,"date":"2024-08-10T17:26:31","date_gmt":"2024-08-10T15:26:31","guid":{"rendered":"https:\/\/jaskolkadom.com\/gift-voucher\/"},"modified":"2024-10-01T17:11:14","modified_gmt":"2024-10-01T15:11:14","slug":"gift-voucher","status":"publish","type":"page","link":"https:\/\/jaskolkadom.com\/en\/gift-voucher\/","title":{"rendered":"Gift Voucher"},"content":{"rendered":"<p>[et_pb_section fb_built=&#8221;1&#8243; _builder_version=&#8221;4.21.2&#8243; _module_preset=&#8221;default&#8221; global_colors_info=&#8221;{}&#8221;][et_pb_row admin_label=&#8221;Text Area&#8221; _builder_version=&#8221;4.17.4&#8243; _module_preset=&#8221;default&#8221; max_width=&#8221;700px&#8221; custom_padding=&#8221;20px||6px||false|false&#8221; use_custom_width=&#8221;on&#8221; custom_width_px=&#8221;700px&#8221; locked=&#8221;off&#8221; global_colors_info=&#8221;{}&#8221;][et_pb_column type=&#8221;4_4&#8243; _builder_version=&#8221;4.16&#8243; _module_preset=&#8221;default&#8221; custom_padding=&#8221;|||&#8221; global_colors_info=&#8221;{}&#8221; custom_padding__hover=&#8221;|||&#8221;][et_pb_text admin_label=&#8221;Title&#8221; _builder_version=&#8221;4.21.2&#8243; _module_preset=&#8221;default&#8221; text_font=&#8221;||||||||&#8221; header_font=&#8221;||||||||&#8221; header_2_font=&#8221;Bodoni Moda||||||||&#8221; header_2_text_align=&#8221;center&#8221; header_2_text_color=&#8221;#313131&#8243; header_2_font_size=&#8221;2.22rem&#8221; header_2_letter_spacing=&#8221;0.04rem&#8221; header_2_line_height=&#8221;1.45em&#8221; custom_margin=&#8221;||5px|&#8221; animation_style=&#8221;fold&#8221; animation_direction=&#8221;bottom&#8221; animation_intensity_fold=&#8221;20%&#8221; animation_starting_opacity=&#8221;100%&#8221; global_colors_info=&#8221;{}&#8221;]<\/p>\n<h2>Gift Voucher<\/h2>\n<p>[\/et_pb_text][et_pb_text admin_label=&#8221;Title&#8221; _builder_version=&#8221;4.21.2&#8243; _module_preset=&#8221;default&#8221; text_font=&#8221;||||||||&#8221; header_font=&#8221;||||||||&#8221; header_2_text_align=&#8221;center&#8221; header_2_text_color=&#8221;#313131&#8243; header_2_font_size=&#8221;1rem&#8221; header_2_letter_spacing=&#8221;0.06rem&#8221; header_2_line_height=&#8221;1.45em&#8221; module_alignment=&#8221;center&#8221; custom_margin=&#8221;||5px|&#8221; animation_style=&#8221;fold&#8221; animation_direction=&#8221;bottom&#8221; animation_intensity_fold=&#8221;20%&#8221; animation_starting_opacity=&#8221;100%&#8221; hover_enabled=&#8221;0&#8243; module_alignment_tablet=&#8221;center&#8221; module_alignment_phone=&#8221;center&#8221; module_alignment_last_edited=&#8221;on|desktop&#8221; global_colors_info=&#8221;{}&#8221; sticky_enabled=&#8221;0&#8243;]<\/p>\n<h2>Give your loved ones unique moments of tranquility and relaxation<\/h2>\n<p>[\/et_pb_text][\/et_pb_column][\/et_pb_row][\/et_pb_section][et_pb_section fb_built=&#8221;1&#8243; admin_label=&#8221;Galeria 3 kolumny&#8221; _builder_version=&#8221;4.21.2&#8243; _module_preset=&#8221;default&#8221; background_color=&#8221;#FFFFFF&#8221; custom_margin=&#8221;||||true|false&#8221; custom_padding=&#8221;||||false|false&#8221; collapsed=&#8221;on&#8221; global_colors_info=&#8221;{}&#8221;][et_pb_row column_structure=&#8221;2_5,3_5&#8243; admin_label=&#8221;Categories&#8221; _builder_version=&#8221;4.21.2&#8243; _module_preset=&#8221;default&#8221; width=&#8221;96%&#8221; module_alignment=&#8221;center&#8221; custom_margin=&#8221;|2rem||2rem|false|true&#8221; custom_padding=&#8221;20px||||false|false&#8221; use_custom_width=&#8221;on&#8221; custom_width_px=&#8221;1440px&#8221; global_colors_info=&#8221;{}&#8221;][et_pb_column type=&#8221;2_5&#8243; _builder_version=&#8221;4.16&#8243; _module_preset=&#8221;default&#8221; custom_padding=&#8221;|||&#8221; global_colors_info=&#8221;{}&#8221; custom_padding__hover=&#8221;|||&#8221;][et_pb_image src=&#8221;https:\/\/jaskolkadom.com\/wp-content\/uploads\/2024\/08\/voucher-aga-\u2014-kopia-1-scaled.jpg&#8221; title_text=&#8221;voucher aga &#8211; copy&#8221; show_bottom_space=&#8221;off&#8221; align=&#8221;center&#8221; _builder_version=&#8221;4.21.2&#8243; _module_preset=&#8221;default&#8221; module_alignment=&#8221;center&#8221; custom_margin=&#8221;0px||12px||false|false&#8221; custom_padding=&#8221;9px||||false|false&#8221; global_colors_info=&#8221;{}&#8221;][\/et_pb_image][\/et_pb_column][et_pb_column type=&#8221;3_5&#8243; _builder_version=&#8221;4.16&#8243; _module_preset=&#8221;default&#8221; custom_padding=&#8221;|||&#8221; global_colors_info=&#8221;{}&#8221; custom_padding__hover=&#8221;|||&#8221;][et_pb_text _builder_version=&#8221;4.21.2&#8243; _module_preset=&#8221;default&#8221; text_font=&#8221;Crimson Text||||||||&#8221; text_font_size=&#8221;1rem&#8221; text_letter_spacing=&#8221;0.06rem&#8221; text_line_height=&#8221;1.45em&#8221; header_font=&#8221;||||||||&#8221; header_text_align=&#8221;center&#8221; header_2_font=&#8221;Nunito||||||||&#8221; header_2_text_align=&#8221;center&#8221; header_2_text_color=&#8221;#313131&#8243; header_2_font_size=&#8221;36px&#8221; header_2_line_height=&#8221;1.4em&#8221; text_orientation=&#8221;center&#8221; module_alignment=&#8221;center&#8221; custom_margin=&#8221;||||false|false&#8221; custom_padding=&#8221;||0px||false|false&#8221; animation_style=&#8221;fold&#8221; animation_direction=&#8221;bottom&#8221; animation_intensity_fold=&#8221;20%&#8221; animation_starting_opacity=&#8221;100%&#8221; locked=&#8221;off&#8221; global_colors_info=&#8221;{}&#8221;]<\/p>\n<p style=\"text-align: left;\">Our gift vouchers give you complete freedom of choice.<br \/>At Jask\u00f3\u0142ka Dom i SPA we offer:<\/p>\n<ul>\n<li style=\"text-align: left;\">Amount voucher &#8211; it can be used to pay for all services available in the Jask\u00f3\u0142ka Dom i SPA offer (accommodation, SPA treatments, food).<\/li>\n<li style=\"text-align: left;\">Residence voucher &#8211; intended for payment of accommodation with breakfast<\/li>\n<li style=\"text-align: left;\">SPA voucher &#8211; allowing payment for SPA treatments<\/li>\n<\/ul>\n<p style=\"text-align: left;\">The voucher is valid for 6 months from the date of purchase.<\/p>\n<p style=\"text-align: left;\">We send the voucher by mail or electronically upon request.<\/p>\n<p style=\"text-align: left;\">Contact Majordomus, who will advise and help you choose the best solution.<br \/>Phone: 537 106 055<br \/>E-mail: reservations@jaskolkadom.com<\/p>\n<p>[\/et_pb_text][\/et_pb_column][\/et_pb_row][\/et_pb_section]<\/p>\n","protected":false},"excerpt":{"rendered":"<p>Gift VoucherGive your loved ones unique moments of tranquility and relaxationOur gift vouchers give you complete freedom of choice.At Jask\u00f3\u0142ka Dom i SPA we offer: Amount voucher &#8211; it can be used to pay for all services available in the Jask\u00f3\u0142ka Dom i SPA offer (accommodation, SPA treatments, food). Residence voucher &#8211; intended for payment [&hellip;]<\/p>\n","protected":false},"author":6,"featured_media":0,"parent":0,"menu_order":0,"comment_status":"closed","ping_status":"closed","template":"","meta":{"_et_pb_use_builder":"on","_et_pb_old_content":"","_et_gb_content_width":"","inline_featured_image":false},"yoast_head":"<!-- This site is optimized with the Yoast SEO plugin v20.12 - https:\/\/yoast.com\/wordpress\/plugins\/seo\/ -->\n<title>Gift Voucher - Jask\u00f3\u0142ka Dom i Spa<\/title>\n<meta name=\"robots\" content=\"index, follow, max-snippet:-1, max-image-preview:large, max-video-preview:-1\" \/>\n<link rel=\"canonical\" href=\"https:\/\/jaskolkadom.com\/en\/gift-voucher\/\" \/>\n<meta property=\"og:locale\" content=\"en_US\" \/>\n<meta property=\"og:type\" content=\"article\" \/>\n<meta property=\"og:title\" content=\"Gift Voucher - Jask\u00f3\u0142ka Dom i Spa\" \/>\n<meta property=\"og:description\" content=\"Gift VoucherGive your loved ones unique moments of tranquility and relaxationOur gift vouchers give you complete freedom of choice.At Jask\u00f3\u0142ka Dom i SPA we offer: Amount voucher - it can be used to pay for all services available in the Jask\u00f3\u0142ka Dom i SPA offer (accommodation, SPA treatments, food). Residence voucher - intended for payment [&hellip;]\" \/>\n<meta property=\"og:url\" content=\"https:\/\/jaskolkadom.com\/en\/gift-voucher\/\" \/>\n<meta property=\"og:site_name\" content=\"Jask\u00f3\u0142ka Dom i Spa\" \/>\n<meta property=\"article:modified_time\" content=\"2024-10-01T15:11:14+00:00\" \/>\n<meta name=\"twitter:card\" content=\"summary_large_image\" \/>\n<meta name=\"twitter:label1\" content=\"Est. reading time\" \/>\n\t<meta name=\"twitter:data1\" content=\"3 minutes\" \/>\n<script type=\"application\/ld+json\" class=\"yoast-schema-graph\">{\"@context\":\"https:\/\/schema.org\",\"@graph\":[{\"@type\":\"WebPage\",\"@id\":\"https:\/\/jaskolkadom.com\/en\/gift-voucher\/\",\"url\":\"https:\/\/jaskolkadom.com\/en\/gift-voucher\/\",\"name\":\"Gift Voucher - Jask\u00f3\u0142ka Dom i Spa\",\"isPartOf\":{\"@id\":\"https:\/\/jaskolkadom.com\/en\/#website\"},\"datePublished\":\"2024-08-10T15:26:31+00:00\",\"dateModified\":\"2024-10-01T15:11:14+00:00\",\"breadcrumb\":{\"@id\":\"https:\/\/jaskolkadom.com\/en\/gift-voucher\/#breadcrumb\"},\"inLanguage\":\"en-US\",\"potentialAction\":[{\"@type\":\"ReadAction\",\"target\":[\"https:\/\/jaskolkadom.com\/en\/gift-voucher\/\"]}]},{\"@type\":\"BreadcrumbList\",\"@id\":\"https:\/\/jaskolkadom.com\/en\/gift-voucher\/#breadcrumb\",\"itemListElement\":[{\"@type\":\"ListItem\",\"position\":1,\"name\":\"Strona g\u0142\u00f3wna\",\"item\":\"https:\/\/jaskolkadom.com\/en\/\"},{\"@type\":\"ListItem\",\"position\":2,\"name\":\"Gift Voucher\"}]},{\"@type\":\"WebSite\",\"@id\":\"https:\/\/jaskolkadom.com\/en\/#website\",\"url\":\"https:\/\/jaskolkadom.com\/en\/\",\"name\":\"Jask\u00f3\u0142ka Dom i Spa\",\"description\":\"Jask\u00f3\u0142ka Dom i SPA\",\"potentialAction\":[{\"@type\":\"SearchAction\",\"target\":{\"@type\":\"EntryPoint\",\"urlTemplate\":\"https:\/\/jaskolkadom.com\/en\/?s={search_term_string}\"},\"query-input\":\"required name=search_term_string\"}],\"inLanguage\":\"en-US\"}]}<\/script>\n<!-- \/ Yoast SEO plugin. -->","yoast_head_json":{"title":"Gift Voucher - Jask\u00f3\u0142ka Dom i Spa","robots":{"index":"index","follow":"follow","max-snippet":"max-snippet:-1","max-image-preview":"max-image-preview:large","max-video-preview":"max-video-preview:-1"},"canonical":"https:\/\/jaskolkadom.com\/en\/gift-voucher\/","og_locale":"en_US","og_type":"article","og_title":"Gift Voucher - Jask\u00f3\u0142ka Dom i Spa","og_description":"Gift VoucherGive your loved ones unique moments of tranquility and relaxationOur gift vouchers give you complete freedom of choice.At Jask\u00f3\u0142ka Dom i SPA we offer: Amount voucher - it can be used to pay for all services available in the Jask\u00f3\u0142ka Dom i SPA offer (accommodation, SPA treatments, food). Residence voucher - intended for payment [&hellip;]","og_url":"https:\/\/jaskolkadom.com\/en\/gift-voucher\/","og_site_name":"Jask\u00f3\u0142ka Dom i Spa","article_modified_time":"2024-10-01T15:11:14+00:00","twitter_card":"summary_large_image","twitter_misc":{"Est. reading time":"3 minutes"},"schema":{"@context":"https:\/\/schema.org","@graph":[{"@type":"WebPage","@id":"https:\/\/jaskolkadom.com\/en\/gift-voucher\/","url":"https:\/\/jaskolkadom.com\/en\/gift-voucher\/","name":"Gift Voucher - Jask\u00f3\u0142ka Dom i Spa","isPartOf":{"@id":"https:\/\/jaskolkadom.com\/en\/#website"},"datePublished":"2024-08-10T15:26:31+00:00","dateModified":"2024-10-01T15:11:14+00:00","breadcrumb":{"@id":"https:\/\/jaskolkadom.com\/en\/gift-voucher\/#breadcrumb"},"inLanguage":"en-US","potentialAction":[{"@type":"ReadAction","target":["https:\/\/jaskolkadom.com\/en\/gift-voucher\/"]}]},{"@type":"BreadcrumbList","@id":"https:\/\/jaskolkadom.com\/en\/gift-voucher\/#breadcrumb","itemListElement":[{"@type":"ListItem","position":1,"name":"Strona g\u0142\u00f3wna","item":"https:\/\/jaskolkadom.com\/en\/"},{"@type":"ListItem","position":2,"name":"Gift Voucher"}]},{"@type":"WebSite","@id":"https:\/\/jaskolkadom.com\/en\/#website","url":"https:\/\/jaskolkadom.com\/en\/","name":"Jask\u00f3\u0142ka Dom i Spa","description":"Jask\u00f3\u0142ka Dom i SPA","potentialAction":[{"@type":"SearchAction","target":{"@type":"EntryPoint","urlTemplate":"https:\/\/jaskolkadom.com\/en\/?s={search_term_string}"},"query-input":"required name=search_term_string"}],"inLanguage":"en-US"}]}},"_links":{"self":[{"href":"https:\/\/jaskolkadom.com\/en\/wp-json\/wp\/v2\/pages\/239867"}],"collection":[{"href":"https:\/\/jaskolkadom.com\/en\/wp-json\/wp\/v2\/pages"}],"about":[{"href":"https:\/\/jaskolkadom.com\/en\/wp-json\/wp\/v2\/types\/page"}],"author":[{"embeddable":true,"href":"https:\/\/jaskolkadom.com\/en\/wp-json\/wp\/v2\/users\/6"}],"replies":[{"embeddable":true,"href":"https:\/\/jaskolkadom.com\/en\/wp-json\/wp\/v2\/comments?post=239867"}],"version-history":[{"count":3,"href":"https:\/\/jaskolkadom.com\/en\/wp-json\/wp\/v2\/pages\/239867\/revisions"}],"predecessor-version":[{"id":239877,"href":"https:\/\/jaskolkadom.com\/en\/wp-json\/wp\/v2\/pages\/239867\/revisions\/239877"}],"wp:attachment":[{"href":"https:\/\/jaskolkadom.com\/en\/wp-json\/wp\/v2\/media?parent=239867"}],"curies":[{"name":"wp","href":"https:\/\/api.w.org\/{rel}","templated":true}]}}