{"id":238378,"date":"2022-06-14T13:53:11","date_gmt":"2022-06-14T11:53:11","guid":{"rendered":"https:\/\/jaskolkadom.com\/main-page\/"},"modified":"2022-06-14T13:53:11","modified_gmt":"2022-06-14T11:53:11","slug":"main-page","status":"publish","type":"page","link":"https:\/\/jaskolkadom.com\/en\/main-page\/","title":{"rendered":"Main Page"},"content":{"rendered":"","protected":false},"excerpt":{"rendered":"","protected":false},"author":1,"featured_media":0,"parent":0,"menu_order":0,"comment_status":"closed","ping_status":"closed","template":"","meta":{"_et_pb_use_builder":"on","_et_pb_old_content":"","_et_gb_content_width":"","inline_featured_image":false},"yoast_head":"<!-- This site is optimized with the Yoast SEO plugin v20.12 - https:\/\/yoast.com\/wordpress\/plugins\/seo\/ -->\n<title>Main Page - Jask\u00f3\u0142ka Dom i Spa<\/title>\n<meta name=\"robots\" content=\"index, follow, max-snippet:-1, max-image-preview:large, max-video-preview:-1\" \/>\n<link rel=\"canonical\" href=\"https:\/\/jaskolkadom.com\/en\/main-page\/\" \/>\n<meta property=\"og:locale\" content=\"en_US\" \/>\n<meta property=\"og:type\" content=\"article\" \/>\n<meta property=\"og:title\" content=\"Main Page - Jask\u00f3\u0142ka Dom i Spa\" \/>\n<meta property=\"og:url\" content=\"https:\/\/jaskolkadom.com\/en\/main-page\/\" \/>\n<meta property=\"og:site_name\" content=\"Jask\u00f3\u0142ka Dom i Spa\" \/>\n<meta name=\"twitter:card\" content=\"summary_large_image\" \/>\n<script type=\"application\/ld+json\" class=\"yoast-schema-graph\">{\"@context\":\"https:\/\/schema.org\",\"@graph\":[{\"@type\":\"WebPage\",\"@id\":\"https:\/\/jaskolkadom.com\/en\/main-page\/\",\"url\":\"https:\/\/jaskolkadom.com\/en\/main-page\/\",\"name\":\"Main Page - Jask\u00f3\u0142ka Dom i Spa\",\"isPartOf\":{\"@id\":\"https:\/\/jaskolkadom.com\/en\/#website\"},\"datePublished\":\"2022-06-14T11:53:11+00:00\",\"dateModified\":\"2022-06-14T11:53:11+00:00\",\"breadcrumb\":{\"@id\":\"https:\/\/jaskolkadom.com\/en\/main-page\/#breadcrumb\"},\"inLanguage\":\"en-US\",\"potentialAction\":[{\"@type\":\"ReadAction\",\"target\":[\"https:\/\/jaskolkadom.com\/en\/main-page\/\"]}]},{\"@type\":\"BreadcrumbList\",\"@id\":\"https:\/\/jaskolkadom.com\/en\/main-page\/#breadcrumb\",\"itemListElement\":[{\"@type\":\"ListItem\",\"position\":1,\"name\":\"Strona g\u0142\u00f3wna\",\"item\":\"https:\/\/jaskolkadom.com\/en\/\"},{\"@type\":\"ListItem\",\"position\":2,\"name\":\"Main Page\"}]},{\"@type\":\"WebSite\",\"@id\":\"https:\/\/jaskolkadom.com\/en\/#website\",\"url\":\"https:\/\/jaskolkadom.com\/en\/\",\"name\":\"Jask\u00f3\u0142ka Dom i Spa\",\"description\":\"Jask\u00f3\u0142ka Dom i SPA\",\"potentialAction\":[{\"@type\":\"SearchAction\",\"target\":{\"@type\":\"EntryPoint\",\"urlTemplate\":\"https:\/\/jaskolkadom.com\/en\/?s={search_term_string}\"},\"query-input\":\"required name=search_term_string\"}],\"inLanguage\":\"en-US\"}]}<\/script>\n<!-- \/ Yoast SEO plugin. -->","yoast_head_json":{"title":"Main Page - Jask\u00f3\u0142ka Dom i Spa","robots":{"index":"index","follow":"follow","max-snippet":"max-snippet:-1","max-image-preview":"max-image-preview:large","max-video-preview":"max-video-preview:-1"},"canonical":"https:\/\/jaskolkadom.com\/en\/main-page\/","og_locale":"en_US","og_type":"article","og_title":"Main Page - Jask\u00f3\u0142ka Dom i Spa","og_url":"https:\/\/jaskolkadom.com\/en\/main-page\/","og_site_name":"Jask\u00f3\u0142ka Dom i Spa","twitter_card":"summary_large_image","schema":{"@context":"https:\/\/schema.org","@graph":[{"@type":"WebPage","@id":"https:\/\/jaskolkadom.com\/en\/main-page\/","url":"https:\/\/jaskolkadom.com\/en\/main-page\/","name":"Main Page - Jask\u00f3\u0142ka Dom i Spa","isPartOf":{"@id":"https:\/\/jaskolkadom.com\/en\/#website"},"datePublished":"2022-06-14T11:53:11+00:00","dateModified":"2022-06-14T11:53:11+00:00","breadcrumb":{"@id":"https:\/\/jaskolkadom.com\/en\/main-page\/#breadcrumb"},"inLanguage":"en-US","potentialAction":[{"@type":"ReadAction","target":["https:\/\/jaskolkadom.com\/en\/main-page\/"]}]},{"@type":"BreadcrumbList","@id":"https:\/\/jaskolkadom.com\/en\/main-page\/#breadcrumb","itemListElement":[{"@type":"ListItem","position":1,"name":"Strona g\u0142\u00f3wna","item":"https:\/\/jaskolkadom.com\/en\/"},{"@type":"ListItem","position":2,"name":"Main Page"}]},{"@type":"WebSite","@id":"https:\/\/jaskolkadom.com\/en\/#website","url":"https:\/\/jaskolkadom.com\/en\/","name":"Jask\u00f3\u0142ka Dom i Spa","description":"Jask\u00f3\u0142ka Dom i SPA","potentialAction":[{"@type":"SearchAction","target":{"@type":"EntryPoint","urlTemplate":"https:\/\/jaskolkadom.com\/en\/?s={search_term_string}"},"query-input":"required name=search_term_string"}],"inLanguage":"en-US"}]}},"_links":{"self":[{"href":"https:\/\/jaskolkadom.com\/en\/wp-json\/wp\/v2\/pages\/238378"}],"collection":[{"href":"https:\/\/jaskolkadom.com\/en\/wp-json\/wp\/v2\/pages"}],"about":[{"href":"https:\/\/jaskolkadom.com\/en\/wp-json\/wp\/v2\/types\/page"}],"author":[{"embeddable":true,"href":"https:\/\/jaskolkadom.com\/en\/wp-json\/wp\/v2\/users\/1"}],"replies":[{"embeddable":true,"href":"https:\/\/jaskolkadom.com\/en\/wp-json\/wp\/v2\/comments?post=238378"}],"version-history":[{"count":0,"href":"https:\/\/jaskolkadom.com\/en\/wp-json\/wp\/v2\/pages\/238378\/revisions"}],"wp:attachment":[{"href":"https:\/\/jaskolkadom.com\/en\/wp-json\/wp\/v2\/media?parent=238378"}],"curies":[{"name":"wp","href":"https:\/\/api.w.org\/{rel}","templated":true}]}}