{"id":238262,"date":"2022-06-27T00:48:42","date_gmt":"2022-06-26T22:48:42","guid":{"rendered":"https:\/\/jaskolkadom.com\/experiences\/"},"modified":"2023-03-23T19:32:09","modified_gmt":"2023-03-23T18:32:09","slug":"experiences","status":"publish","type":"page","link":"https:\/\/jaskolkadom.com\/en\/experiences\/","title":{"rendered":"Experiences"},"content":{"rendered":"<p>[et_pb_section fb_built=&#8221;1&#8243; admin_label=&#8221;Tekst 1&#8243; _builder_version=&#8221;4.17.4&#8243; _module_preset=&#8221;default&#8221; background_color=&#8221;#FFFFFF&#8221; custom_padding=&#8221;1px||1px||true|false&#8221; collapsed=&#8221;off&#8221; global_colors_info=&#8221;{}&#8221;][et_pb_row admin_label=&#8221;Text Area&#8221; _builder_version=&#8221;4.17.4&#8243; _module_preset=&#8221;default&#8221; max_width=&#8221;700px&#8221; custom_padding=&#8221;20px||6px||false|false&#8221; use_custom_width=&#8221;on&#8221; custom_width_px=&#8221;700px&#8221; global_colors_info=&#8221;{}&#8221;][et_pb_column type=&#8221;4_4&#8243; _builder_version=&#8221;4.16&#8243; _module_preset=&#8221;default&#8221; custom_padding=&#8221;|||&#8221; global_colors_info=&#8221;{}&#8221; custom_padding__hover=&#8221;|||&#8221;][et_pb_text admin_label=&#8221;Title&#8221; _builder_version=&#8221;4.17.4&#8243; _module_preset=&#8221;default&#8221; text_font=&#8221;||||||||&#8221; header_font=&#8221;||||||||&#8221; header_2_font=&#8221;Bodoni Moda||||||||&#8221; header_2_text_align=&#8221;center&#8221; header_2_text_color=&#8221;#313131&#8243; header_2_font_size=&#8221;2.22rem&#8221; header_2_letter_spacing=&#8221;0.04rem&#8221; header_2_line_height=&#8221;1.45em&#8221; custom_margin=&#8221;||5px|&#8221; animation_style=&#8221;fold&#8221; animation_direction=&#8221;bottom&#8221; animation_intensity_fold=&#8221;20%&#8221; animation_starting_opacity=&#8221;100%&#8221; global_colors_info=&#8221;{}&#8221;]<\/p>\n<h2>Experiences<\/h2>\n<p>[\/et_pb_text][et_pb_text admin_label=&#8221;Title&#8221; _builder_version=&#8221;4.17.4&#8243; _module_preset=&#8221;default&#8221; text_font=&#8221;||||||||&#8221; header_font=&#8221;||||||||&#8221; header_2_text_align=&#8221;center&#8221; header_2_text_color=&#8221;#313131&#8243; header_2_font_size=&#8221;1rem&#8221; header_2_letter_spacing=&#8221;0.06rem&#8221; header_2_line_height=&#8221;1.45em&#8221; module_alignment=&#8221;center&#8221; custom_margin=&#8221;||5px|&#8221; animation_style=&#8221;fold&#8221; animation_direction=&#8221;bottom&#8221; animation_intensity_fold=&#8221;20%&#8221; animation_starting_opacity=&#8221;100%&#8221; module_alignment_tablet=&#8221;center&#8221; module_alignment_phone=&#8221;center&#8221; module_alignment_last_edited=&#8221;on|desktop&#8221; global_colors_info=&#8221;{}&#8221;]<\/p>\n<h2>JASK\u00d3\u0141KA MOUNTAIN HOUSE AND SPA<\/h2>\n<p>[\/et_pb_text][\/et_pb_column][\/et_pb_row][\/et_pb_section][et_pb_section fb_built=&#8221;1&#8243; fullwidth=&#8221;on&#8221; admin_label=&#8221;Du\u017ce zdj\u0119cie 1&#8243; _builder_version=&#8221;4.17.4&#8243; _module_preset=&#8221;default&#8221; background_enable_color=&#8221;off&#8221; custom_margin=&#8221;1px||1px||true|false&#8221; custom_padding=&#8221;1px||1px||true|false&#8221; collapsed=&#8221;on&#8221; global_colors_info=&#8221;{}&#8221;][et_pb_fullwidth_image src=&#8221;https:\/\/jaskolkadom.com\/wp-content\/uploads\/2022\/07\/Plenery-Nowe-IR0A7702.jpg&#8221; title_text=&#8221;Plenery Nowe IR0A7702&#8243; _builder_version=&#8221;4.17.4&#8243; _module_preset=&#8221;default&#8221; background_enable_video_mp4=&#8221;off&#8221; custom_margin=&#8221;2rem|2rem|50px|2rem|false|true&#8221; custom_padding=&#8221;||||true|false&#8221; hover_enabled=&#8221;0&#8243; global_colors_info=&#8221;{}&#8221; sticky_enabled=&#8221;0&#8243;][\/et_pb_fullwidth_image][\/et_pb_section][et_pb_section fb_built=&#8221;1&#8243; admin_label=&#8221;Tekst 1&#8243; _builder_version=&#8221;4.17.4&#8243; _module_preset=&#8221;default&#8221; background_color=&#8221;#FFFFFF&#8221; custom_padding=&#8221;50px||50px||true|false&#8221; collapsed=&#8221;on&#8221; global_colors_info=&#8221;{}&#8221;][et_pb_row admin_label=&#8221;Text Area&#8221; _builder_version=&#8221;4.17.4&#8243; _module_preset=&#8221;default&#8221; max_width=&#8221;700px&#8221; custom_padding=&#8221;20px||20px||false|false&#8221; use_custom_width=&#8221;on&#8221; custom_width_px=&#8221;700px&#8221; global_colors_info=&#8221;{}&#8221;][et_pb_column type=&#8221;4_4&#8243; _builder_version=&#8221;4.17.4&#8243; _module_preset=&#8221;default&#8221; custom_padding=&#8221;|||&#8221; global_colors_info=&#8221;{}&#8221; custom_padding__hover=&#8221;|||&#8221;][et_pb_text _builder_version=&#8221;4.17.4&#8243; _module_preset=&#8221;default&#8221; text_font=&#8221;Crimson Text||||||||&#8221; text_font_size=&#8221;1rem&#8221; text_letter_spacing=&#8221;0.06rem&#8221; text_line_height=&#8221;1.45em&#8221; header_font=&#8221;||||||||&#8221; header_text_align=&#8221;center&#8221; header_2_font=&#8221;Nunito||||||||&#8221; header_2_text_align=&#8221;center&#8221; header_2_text_color=&#8221;#313131&#8243; header_2_font_size=&#8221;36px&#8221; header_2_line_height=&#8221;1.4em&#8221; text_orientation=&#8221;center&#8221; module_alignment=&#8221;center&#8221; custom_margin=&#8221;||||false|false&#8221; custom_padding=&#8221;||0px||false|false&#8221; animation_style=&#8221;fold&#8221; animation_direction=&#8221;bottom&#8221; animation_intensity_fold=&#8221;20%&#8221; animation_starting_opacity=&#8221;100%&#8221; global_colors_info=&#8221;{}&#8221;]<\/p>\n<p>Doctors say that the microclimate here is so healing that it should be dosed. They recommend rationing hiking in the mountains among the crocuses and lilies of the valley or in the snow on cross-country skis. The doctors have no reservations about strolling through the park, which resembles the original from the 19th century, and drinking water from the mountain spring that flows there.<\/p>\n<p>Would you like to learn more about the history of Szklarska Por\u0119ba or its most beautiful corners? Do you want to see how glass is blown in the old glassworks to learn how to decorate it, or do you want to climb a summit and bathe under a mountain waterfall? To visit the home of a Nobel laureate or to go in search of minerals? Do you prefer to stay on site, have a bonfire or barbecue, throw a lavish party or an intimate wedding?<\/p>\n<p>We will organise everything for you.<\/p>\n<p>[\/et_pb_text][\/et_pb_column][\/et_pb_row][\/et_pb_section]<\/p>\n","protected":false},"excerpt":{"rendered":"<p>ExperiencesJASK\u00d3\u0141KA MOUNTAIN HOUSE AND SPADoctors say that the microclimate here is so healing that it should be dosed. They recommend rationing hiking in the mountains among the crocuses and lilies of the valley or in the snow on cross-country skis. The doctors have no reservations about strolling through the park, which resembles the original from [&hellip;]<\/p>\n","protected":false},"author":1,"featured_media":0,"parent":0,"menu_order":0,"comment_status":"closed","ping_status":"closed","template":"","meta":{"_et_pb_use_builder":"on","_et_pb_old_content":"","_et_gb_content_width":"","inline_featured_image":false},"yoast_head":"<!-- This site is optimized with the Yoast SEO plugin v20.12 - https:\/\/yoast.com\/wordpress\/plugins\/seo\/ -->\n<title>Experiences - Jask\u00f3\u0142ka Dom i Spa<\/title>\n<meta name=\"robots\" content=\"index, follow, max-snippet:-1, max-image-preview:large, max-video-preview:-1\" \/>\n<link rel=\"canonical\" href=\"https:\/\/jaskolkadom.com\/en\/experiences\/\" \/>\n<meta property=\"og:locale\" content=\"en_US\" \/>\n<meta property=\"og:type\" content=\"article\" \/>\n<meta property=\"og:title\" content=\"Experiences - Jask\u00f3\u0142ka Dom i Spa\" \/>\n<meta property=\"og:description\" content=\"ExperiencesJASK\u00d3\u0141KA MOUNTAIN HOUSE AND SPADoctors say that the microclimate here is so healing that it should be dosed. They recommend rationing hiking in the mountains among the crocuses and lilies of the valley or in the snow on cross-country skis. The doctors have no reservations about strolling through the park, which resembles the original from [&hellip;]\" \/>\n<meta property=\"og:url\" content=\"https:\/\/jaskolkadom.com\/en\/experiences\/\" \/>\n<meta property=\"og:site_name\" content=\"Jask\u00f3\u0142ka Dom i Spa\" \/>\n<meta property=\"article:modified_time\" content=\"2023-03-23T18:32:09+00:00\" \/>\n<meta name=\"twitter:card\" content=\"summary_large_image\" \/>\n<meta name=\"twitter:label1\" content=\"Est. reading time\" \/>\n\t<meta name=\"twitter:data1\" content=\"3 minutes\" \/>\n<script type=\"application\/ld+json\" class=\"yoast-schema-graph\">{\"@context\":\"https:\/\/schema.org\",\"@graph\":[{\"@type\":\"WebPage\",\"@id\":\"https:\/\/jaskolkadom.com\/en\/experiences\/\",\"url\":\"https:\/\/jaskolkadom.com\/en\/experiences\/\",\"name\":\"Experiences - Jask\u00f3\u0142ka Dom i Spa\",\"isPartOf\":{\"@id\":\"https:\/\/jaskolkadom.com\/en\/#website\"},\"datePublished\":\"2022-06-26T22:48:42+00:00\",\"dateModified\":\"2023-03-23T18:32:09+00:00\",\"breadcrumb\":{\"@id\":\"https:\/\/jaskolkadom.com\/en\/experiences\/#breadcrumb\"},\"inLanguage\":\"en-US\",\"potentialAction\":[{\"@type\":\"ReadAction\",\"target\":[\"https:\/\/jaskolkadom.com\/en\/experiences\/\"]}]},{\"@type\":\"BreadcrumbList\",\"@id\":\"https:\/\/jaskolkadom.com\/en\/experiences\/#breadcrumb\",\"itemListElement\":[{\"@type\":\"ListItem\",\"position\":1,\"name\":\"Strona g\u0142\u00f3wna\",\"item\":\"https:\/\/jaskolkadom.com\/en\/\"},{\"@type\":\"ListItem\",\"position\":2,\"name\":\"Experiences\"}]},{\"@type\":\"WebSite\",\"@id\":\"https:\/\/jaskolkadom.com\/en\/#website\",\"url\":\"https:\/\/jaskolkadom.com\/en\/\",\"name\":\"Jask\u00f3\u0142ka Dom i Spa\",\"description\":\"Jask\u00f3\u0142ka Dom i SPA\",\"potentialAction\":[{\"@type\":\"SearchAction\",\"target\":{\"@type\":\"EntryPoint\",\"urlTemplate\":\"https:\/\/jaskolkadom.com\/en\/?s={search_term_string}\"},\"query-input\":\"required name=search_term_string\"}],\"inLanguage\":\"en-US\"}]}<\/script>\n<!-- \/ Yoast SEO plugin. -->","yoast_head_json":{"title":"Experiences - Jask\u00f3\u0142ka Dom i Spa","robots":{"index":"index","follow":"follow","max-snippet":"max-snippet:-1","max-image-preview":"max-image-preview:large","max-video-preview":"max-video-preview:-1"},"canonical":"https:\/\/jaskolkadom.com\/en\/experiences\/","og_locale":"en_US","og_type":"article","og_title":"Experiences - Jask\u00f3\u0142ka Dom i Spa","og_description":"ExperiencesJASK\u00d3\u0141KA MOUNTAIN HOUSE AND SPADoctors say that the microclimate here is so healing that it should be dosed. They recommend rationing hiking in the mountains among the crocuses and lilies of the valley or in the snow on cross-country skis. The doctors have no reservations about strolling through the park, which resembles the original from [&hellip;]","og_url":"https:\/\/jaskolkadom.com\/en\/experiences\/","og_site_name":"Jask\u00f3\u0142ka Dom i Spa","article_modified_time":"2023-03-23T18:32:09+00:00","twitter_card":"summary_large_image","twitter_misc":{"Est. reading time":"3 minutes"},"schema":{"@context":"https:\/\/schema.org","@graph":[{"@type":"WebPage","@id":"https:\/\/jaskolkadom.com\/en\/experiences\/","url":"https:\/\/jaskolkadom.com\/en\/experiences\/","name":"Experiences - Jask\u00f3\u0142ka Dom i Spa","isPartOf":{"@id":"https:\/\/jaskolkadom.com\/en\/#website"},"datePublished":"2022-06-26T22:48:42+00:00","dateModified":"2023-03-23T18:32:09+00:00","breadcrumb":{"@id":"https:\/\/jaskolkadom.com\/en\/experiences\/#breadcrumb"},"inLanguage":"en-US","potentialAction":[{"@type":"ReadAction","target":["https:\/\/jaskolkadom.com\/en\/experiences\/"]}]},{"@type":"BreadcrumbList","@id":"https:\/\/jaskolkadom.com\/en\/experiences\/#breadcrumb","itemListElement":[{"@type":"ListItem","position":1,"name":"Strona g\u0142\u00f3wna","item":"https:\/\/jaskolkadom.com\/en\/"},{"@type":"ListItem","position":2,"name":"Experiences"}]},{"@type":"WebSite","@id":"https:\/\/jaskolkadom.com\/en\/#website","url":"https:\/\/jaskolkadom.com\/en\/","name":"Jask\u00f3\u0142ka Dom i Spa","description":"Jask\u00f3\u0142ka Dom i SPA","potentialAction":[{"@type":"SearchAction","target":{"@type":"EntryPoint","urlTemplate":"https:\/\/jaskolkadom.com\/en\/?s={search_term_string}"},"query-input":"required name=search_term_string"}],"inLanguage":"en-US"}]}},"_links":{"self":[{"href":"https:\/\/jaskolkadom.com\/en\/wp-json\/wp\/v2\/pages\/238262"}],"collection":[{"href":"https:\/\/jaskolkadom.com\/en\/wp-json\/wp\/v2\/pages"}],"about":[{"href":"https:\/\/jaskolkadom.com\/en\/wp-json\/wp\/v2\/types\/page"}],"author":[{"embeddable":true,"href":"https:\/\/jaskolkadom.com\/en\/wp-json\/wp\/v2\/users\/1"}],"replies":[{"embeddable":true,"href":"https:\/\/jaskolkadom.com\/en\/wp-json\/wp\/v2\/comments?post=238262"}],"version-history":[{"count":2,"href":"https:\/\/jaskolkadom.com\/en\/wp-json\/wp\/v2\/pages\/238262\/revisions"}],"predecessor-version":[{"id":238264,"href":"https:\/\/jaskolkadom.com\/en\/wp-json\/wp\/v2\/pages\/238262\/revisions\/238264"}],"wp:attachment":[{"href":"https:\/\/jaskolkadom.com\/en\/wp-json\/wp\/v2\/media?parent=238262"}],"curies":[{"name":"wp","href":"https:\/\/api.w.org\/{rel}","templated":true}]}}