{"id":238459,"date":"2022-06-27T00:48:42","date_gmt":"2022-06-26T22:48:42","guid":{"rendered":"https:\/\/jaskolkadom.com\/erlebnisse\/"},"modified":"2023-04-05T20:21:23","modified_gmt":"2023-04-05T18:21:23","slug":"erlebnisse","status":"publish","type":"page","link":"https:\/\/jaskolkadom.com\/de\/erlebnisse\/","title":{"rendered":"Erlebnisse"},"content":{"rendered":"<p>[et_pb_section fb_built=&#8220;1&#8243; admin_label=&#8220;Tekst 1&#8243; _builder_version=&#8220;4.17.4&#8243; _module_preset=&#8220;default&#8220; background_color=&#8220;#FFFFFF&#8220; custom_padding=&#8220;1px||1px||true|false&#8220; collapsed=&#8220;off&#8220; global_colors_info=&#8220;{}&#8220;][et_pb_row admin_label=&#8220;Text Area&#8220; _builder_version=&#8220;4.17.4&#8243; _module_preset=&#8220;default&#8220; max_width=&#8220;700px&#8220; custom_padding=&#8220;20px||6px||false|false&#8220; use_custom_width=&#8220;on&#8220; custom_width_px=&#8220;700px&#8220; global_colors_info=&#8220;{}&#8220;][et_pb_column type=&#8220;4_4&#8243; _builder_version=&#8220;4.16&#8243; _module_preset=&#8220;default&#8220; custom_padding=&#8220;|||&#8220; global_colors_info=&#8220;{}&#8220; custom_padding__hover=&#8220;|||&#8220;][et_pb_text admin_label=&#8220;Title&#8220; _builder_version=&#8220;4.17.4&#8243; _module_preset=&#8220;default&#8220; text_font=&#8220;||||||||&#8220; header_font=&#8220;||||||||&#8220; header_2_font=&#8220;Bodoni Moda||||||||&#8220; header_2_text_align=&#8220;center&#8220; header_2_text_color=&#8220;#313131&#8243; header_2_font_size=&#8220;2.22rem&#8220; header_2_letter_spacing=&#8220;0.04rem&#8220; header_2_line_height=&#8220;1.45em&#8220; custom_margin=&#8220;||5px|&#8220; animation_style=&#8220;fold&#8220; animation_direction=&#8220;bottom&#8220; animation_intensity_fold=&#8220;20%&#8220; animation_starting_opacity=&#8220;100%&#8220; global_colors_info=&#8220;{}&#8220;]<\/p>\n<h2>Erlebnisse<\/h2>\n<p>[\/et_pb_text][et_pb_text admin_label=&#8220;Title&#8220; _builder_version=&#8220;4.17.4&#8243; _module_preset=&#8220;default&#8220; text_font=&#8220;||||||||&#8220; header_font=&#8220;||||||||&#8220; header_2_text_align=&#8220;center&#8220; header_2_text_color=&#8220;#313131&#8243; header_2_font_size=&#8220;1rem&#8220; header_2_letter_spacing=&#8220;0.06rem&#8220; header_2_line_height=&#8220;1.45em&#8220; module_alignment=&#8220;center&#8220; custom_margin=&#8220;||5px|&#8220; animation_style=&#8220;fold&#8220; animation_direction=&#8220;bottom&#8220; animation_intensity_fold=&#8220;20%&#8220; animation_starting_opacity=&#8220;100%&#8220; module_alignment_tablet=&#8220;center&#8220; module_alignment_phone=&#8220;center&#8220; module_alignment_last_edited=&#8220;on|desktop&#8220; global_colors_info=&#8220;{}&#8220;]<\/p>\n<h2>JASK\u00d3\u0141KA DOM I SPA IM GEBIRGE<\/h2>\n<p>[\/et_pb_text][\/et_pb_column][\/et_pb_row][\/et_pb_section][et_pb_section fb_built=&#8220;1&#8243; fullwidth=&#8220;on&#8220; admin_label=&#8220;Du\u017ce zdj\u0119cie 1&#8243; _builder_version=&#8220;4.17.4&#8243; _module_preset=&#8220;default&#8220; background_enable_color=&#8220;off&#8220; custom_margin=&#8220;1px||1px||true|false&#8220; custom_padding=&#8220;1px||1px||true|false&#8220; collapsed=&#8220;on&#8220; global_colors_info=&#8220;{}&#8220;][et_pb_fullwidth_image src=&#8220;https:\/\/jaskolkadom.com\/wp-content\/uploads\/2022\/07\/Plenery-Nowe-IR0A7702.jpg&#8220; title_text=&#8220;Plenery Nowe IR0A7702&#8243; _builder_version=&#8220;4.17.4&#8243; _module_preset=&#8220;default&#8220; background_enable_video_mp4=&#8220;off&#8220; custom_margin=&#8220;2rem|2rem|50px|2rem|false|true&#8220; custom_padding=&#8220;||||true|false&#8220; hover_enabled=&#8220;0&#8243; global_colors_info=&#8220;{}&#8220; sticky_enabled=&#8220;0&#8243;][\/et_pb_fullwidth_image][\/et_pb_section][et_pb_section fb_built=&#8220;1&#8243; admin_label=&#8220;Tekst 1&#8243; _builder_version=&#8220;4.17.4&#8243; _module_preset=&#8220;default&#8220; background_color=&#8220;#FFFFFF&#8220; custom_padding=&#8220;50px||50px||true|false&#8220; collapsed=&#8220;on&#8220; global_colors_info=&#8220;{}&#8220;][et_pb_row admin_label=&#8220;Text Area&#8220; _builder_version=&#8220;4.17.4&#8243; _module_preset=&#8220;default&#8220; max_width=&#8220;700px&#8220; custom_padding=&#8220;20px||20px||false|false&#8220; use_custom_width=&#8220;on&#8220; custom_width_px=&#8220;700px&#8220; global_colors_info=&#8220;{}&#8220;][et_pb_column type=&#8220;4_4&#8243; _builder_version=&#8220;4.17.4&#8243; _module_preset=&#8220;default&#8220; custom_padding=&#8220;|||&#8220; global_colors_info=&#8220;{}&#8220; custom_padding__hover=&#8220;|||&#8220;][et_pb_text _builder_version=&#8220;4.17.4&#8243; _module_preset=&#8220;default&#8220; text_font=&#8220;Crimson Text||||||||&#8220; text_font_size=&#8220;1rem&#8220; text_letter_spacing=&#8220;0.06rem&#8220; text_line_height=&#8220;1.45em&#8220; header_font=&#8220;||||||||&#8220; header_text_align=&#8220;center&#8220; header_2_font=&#8220;Nunito||||||||&#8220; header_2_text_align=&#8220;center&#8220; header_2_text_color=&#8220;#313131&#8243; header_2_font_size=&#8220;36px&#8220; header_2_line_height=&#8220;1.4em&#8220; text_orientation=&#8220;center&#8220; module_alignment=&#8220;center&#8220; custom_margin=&#8220;||||false|false&#8220; custom_padding=&#8220;||0px||false|false&#8220; animation_style=&#8220;fold&#8220; animation_direction=&#8220;bottom&#8220; animation_intensity_fold=&#8220;20%&#8220; animation_starting_opacity=&#8220;100%&#8220; global_colors_info=&#8220;{}&#8220;]<\/p>\n<p>Die \u00c4rzte behaupten, das hiesige Mikroklima sei so heilend, dass es dosiert werden sollte. Sie empfehlen, die Bergwanderungen zwischen Krokussen und Maigl\u00f6ckchen wie auch den Skilanglauf im wei\u00dfen Pulverschnee zu rationieren. Sie haben aber keine Bedenken gegen Spazierg\u00e4nge im Park, der der urspr\u00fcnglichen Parkanlage aus dem 19. Jahrhundert \u00e4hnelt und gegen das Trinken von Wasser aus dem Gebirgsquell, der da sprudelt.<\/p>\n<p>Haben Sie Lust darauf, etwas mehr \u00fcber die Geschichte von Szklarska Por\u0119ba oder seine sch\u00f6nsten Ecken zu wissen? In einer alten Glash\u00fctte erfahren, wie man das Glas bl\u00e4st und selbst lernen, wie man Verzierungen aufbringt, oder lieber den Gipfel erklimmen und im Gebirgswasserfall baden? Das Haus des Nobelpreistr\u00e4gers besichtigen oder auf die Suche nach Mineralien gehen? Oder m\u00f6chten Sie lieber vor Ort bleiben, ein Lagerfeuer machen oder grillen, eine pr\u00e4chtige Feier oder eine kleine Hochzeit veranstalten?<\/p>\n<p>Wir sorgen f\u00fcr alles.<\/p>\n<p>[\/et_pb_text][\/et_pb_column][\/et_pb_row][\/et_pb_section]<\/p>\n","protected":false},"excerpt":{"rendered":"<p>ErlebnisseJASK\u00d3\u0141KA DOM I SPA IM GEBIRGEDie \u00c4rzte behaupten, das hiesige Mikroklima sei so heilend, dass es dosiert werden sollte. Sie empfehlen, die Bergwanderungen zwischen Krokussen und Maigl\u00f6ckchen wie auch den Skilanglauf im wei\u00dfen Pulverschnee zu rationieren. Sie haben aber keine Bedenken gegen Spazierg\u00e4nge im Park, der der urspr\u00fcnglichen Parkanlage aus dem 19. Jahrhundert \u00e4hnelt und [&hellip;]<\/p>\n","protected":false},"author":1,"featured_media":0,"parent":0,"menu_order":0,"comment_status":"closed","ping_status":"closed","template":"","meta":{"_et_pb_use_builder":"on","_et_pb_old_content":"","_et_gb_content_width":"","inline_featured_image":false},"yoast_head":"<!-- This site is optimized with the Yoast SEO plugin v20.12 - https:\/\/yoast.com\/wordpress\/plugins\/seo\/ -->\n<title>Erlebnisse - Jask\u00f3\u0142ka Dom i Spa<\/title>\n<meta name=\"robots\" content=\"index, follow, max-snippet:-1, max-image-preview:large, max-video-preview:-1\" \/>\n<link rel=\"canonical\" href=\"https:\/\/jaskolkadom.com\/de\/erlebnisse\/\" \/>\n<meta property=\"og:locale\" content=\"de_DE\" \/>\n<meta property=\"og:type\" content=\"article\" \/>\n<meta property=\"og:title\" content=\"Erlebnisse - Jask\u00f3\u0142ka Dom i Spa\" \/>\n<meta property=\"og:description\" content=\"ErlebnisseJASK\u00d3\u0141KA DOM I SPA IM GEBIRGEDie \u00c4rzte behaupten, das hiesige Mikroklima sei so heilend, dass es dosiert werden sollte. Sie empfehlen, die Bergwanderungen zwischen Krokussen und Maigl\u00f6ckchen wie auch den Skilanglauf im wei\u00dfen Pulverschnee zu rationieren. Sie haben aber keine Bedenken gegen Spazierg\u00e4nge im Park, der der urspr\u00fcnglichen Parkanlage aus dem 19. Jahrhundert \u00e4hnelt und [&hellip;]\" \/>\n<meta property=\"og:url\" content=\"https:\/\/jaskolkadom.com\/de\/erlebnisse\/\" \/>\n<meta property=\"og:site_name\" content=\"Jask\u00f3\u0142ka Dom i Spa\" \/>\n<meta property=\"article:modified_time\" content=\"2023-04-05T18:21:23+00:00\" \/>\n<meta name=\"twitter:card\" content=\"summary_large_image\" \/>\n<meta name=\"twitter:label1\" content=\"Gesch\u00e4tzte Lesezeit\" \/>\n\t<meta name=\"twitter:data1\" content=\"3 Minuten\" \/>\n<script type=\"application\/ld+json\" class=\"yoast-schema-graph\">{\"@context\":\"https:\/\/schema.org\",\"@graph\":[{\"@type\":\"WebPage\",\"@id\":\"https:\/\/jaskolkadom.com\/de\/erlebnisse\/\",\"url\":\"https:\/\/jaskolkadom.com\/de\/erlebnisse\/\",\"name\":\"Erlebnisse - Jask\u00f3\u0142ka Dom i Spa\",\"isPartOf\":{\"@id\":\"https:\/\/jaskolkadom.com\/de\/#website\"},\"datePublished\":\"2022-06-26T22:48:42+00:00\",\"dateModified\":\"2023-04-05T18:21:23+00:00\",\"breadcrumb\":{\"@id\":\"https:\/\/jaskolkadom.com\/de\/erlebnisse\/#breadcrumb\"},\"inLanguage\":\"de-DE\",\"potentialAction\":[{\"@type\":\"ReadAction\",\"target\":[\"https:\/\/jaskolkadom.com\/de\/erlebnisse\/\"]}]},{\"@type\":\"BreadcrumbList\",\"@id\":\"https:\/\/jaskolkadom.com\/de\/erlebnisse\/#breadcrumb\",\"itemListElement\":[{\"@type\":\"ListItem\",\"position\":1,\"name\":\"Strona g\u0142\u00f3wna\",\"item\":\"https:\/\/jaskolkadom.com\/de\/\"},{\"@type\":\"ListItem\",\"position\":2,\"name\":\"Erlebnisse\"}]},{\"@type\":\"WebSite\",\"@id\":\"https:\/\/jaskolkadom.com\/de\/#website\",\"url\":\"https:\/\/jaskolkadom.com\/de\/\",\"name\":\"Jask\u00f3\u0142ka Dom i Spa\",\"description\":\"Jask\u00f3\u0142ka Dom i SPA\",\"potentialAction\":[{\"@type\":\"SearchAction\",\"target\":{\"@type\":\"EntryPoint\",\"urlTemplate\":\"https:\/\/jaskolkadom.com\/de\/?s={search_term_string}\"},\"query-input\":\"required name=search_term_string\"}],\"inLanguage\":\"de-DE\"}]}<\/script>\n<!-- \/ Yoast SEO plugin. -->","yoast_head_json":{"title":"Erlebnisse - Jask\u00f3\u0142ka Dom i Spa","robots":{"index":"index","follow":"follow","max-snippet":"max-snippet:-1","max-image-preview":"max-image-preview:large","max-video-preview":"max-video-preview:-1"},"canonical":"https:\/\/jaskolkadom.com\/de\/erlebnisse\/","og_locale":"de_DE","og_type":"article","og_title":"Erlebnisse - Jask\u00f3\u0142ka Dom i Spa","og_description":"ErlebnisseJASK\u00d3\u0141KA DOM I SPA IM GEBIRGEDie \u00c4rzte behaupten, das hiesige Mikroklima sei so heilend, dass es dosiert werden sollte. Sie empfehlen, die Bergwanderungen zwischen Krokussen und Maigl\u00f6ckchen wie auch den Skilanglauf im wei\u00dfen Pulverschnee zu rationieren. Sie haben aber keine Bedenken gegen Spazierg\u00e4nge im Park, der der urspr\u00fcnglichen Parkanlage aus dem 19. Jahrhundert \u00e4hnelt und [&hellip;]","og_url":"https:\/\/jaskolkadom.com\/de\/erlebnisse\/","og_site_name":"Jask\u00f3\u0142ka Dom i Spa","article_modified_time":"2023-04-05T18:21:23+00:00","twitter_card":"summary_large_image","twitter_misc":{"Gesch\u00e4tzte Lesezeit":"3 Minuten"},"schema":{"@context":"https:\/\/schema.org","@graph":[{"@type":"WebPage","@id":"https:\/\/jaskolkadom.com\/de\/erlebnisse\/","url":"https:\/\/jaskolkadom.com\/de\/erlebnisse\/","name":"Erlebnisse - Jask\u00f3\u0142ka Dom i Spa","isPartOf":{"@id":"https:\/\/jaskolkadom.com\/de\/#website"},"datePublished":"2022-06-26T22:48:42+00:00","dateModified":"2023-04-05T18:21:23+00:00","breadcrumb":{"@id":"https:\/\/jaskolkadom.com\/de\/erlebnisse\/#breadcrumb"},"inLanguage":"de-DE","potentialAction":[{"@type":"ReadAction","target":["https:\/\/jaskolkadom.com\/de\/erlebnisse\/"]}]},{"@type":"BreadcrumbList","@id":"https:\/\/jaskolkadom.com\/de\/erlebnisse\/#breadcrumb","itemListElement":[{"@type":"ListItem","position":1,"name":"Strona g\u0142\u00f3wna","item":"https:\/\/jaskolkadom.com\/de\/"},{"@type":"ListItem","position":2,"name":"Erlebnisse"}]},{"@type":"WebSite","@id":"https:\/\/jaskolkadom.com\/de\/#website","url":"https:\/\/jaskolkadom.com\/de\/","name":"Jask\u00f3\u0142ka Dom i Spa","description":"Jask\u00f3\u0142ka Dom i SPA","potentialAction":[{"@type":"SearchAction","target":{"@type":"EntryPoint","urlTemplate":"https:\/\/jaskolkadom.com\/de\/?s={search_term_string}"},"query-input":"required name=search_term_string"}],"inLanguage":"de-DE"}]}},"_links":{"self":[{"href":"https:\/\/jaskolkadom.com\/de\/wp-json\/wp\/v2\/pages\/238459"}],"collection":[{"href":"https:\/\/jaskolkadom.com\/de\/wp-json\/wp\/v2\/pages"}],"about":[{"href":"https:\/\/jaskolkadom.com\/de\/wp-json\/wp\/v2\/types\/page"}],"author":[{"embeddable":true,"href":"https:\/\/jaskolkadom.com\/de\/wp-json\/wp\/v2\/users\/1"}],"replies":[{"embeddable":true,"href":"https:\/\/jaskolkadom.com\/de\/wp-json\/wp\/v2\/comments?post=238459"}],"version-history":[{"count":2,"href":"https:\/\/jaskolkadom.com\/de\/wp-json\/wp\/v2\/pages\/238459\/revisions"}],"predecessor-version":[{"id":238461,"href":"https:\/\/jaskolkadom.com\/de\/wp-json\/wp\/v2\/pages\/238459\/revisions\/238461"}],"wp:attachment":[{"href":"https:\/\/jaskolkadom.com\/de\/wp-json\/wp\/v2\/media?parent=238459"}],"curies":[{"name":"wp","href":"https:\/\/api.w.org\/{rel}","templated":true}]}}